{"id":1411,"date":"2018-11-12T14:25:17","date_gmt":"2018-11-12T14:25:17","guid":{"rendered":"https:\/\/www.bodegasgarvey.es\/?page_id=1411"},"modified":"2019-04-09T14:31:29","modified_gmt":"2019-04-09T14:31:29","slug":"cocteles-2","status":"publish","type":"page","link":"https:\/\/bodegasgarvey.es\/en\/cocteles-2\/","title":{"rendered":"C\u00f3cteles"},"content":{"rendered":"<div class=\"wpb-content-wrapper\"><p>[vc_row css=&#8221;.vc_custom_1520353310907{padding-top: 40px !important;padding-bottom: 0px !important;}&#8221;][vc_column][vc_single_image image=&#8221;1382&#8243; img_size=&#8221;full&#8221; alignment=&#8221;center&#8221;][vc_column_text css=&#8221;.vc_custom_1520403571111{padding-right: 60px !important;padding-left: 60px !important;}&#8221;]<\/p>\n<p style=\"text-align: center; font-size: 25px !important;\">Garvey ofrece una amplia gama de Vinos de Jerez. Una opci\u00f3n para cada momento, desde el m\u00e1s fresco Fino hasta el m\u00e1s estructurado Oloroso.<\/p>\n<p>[\/vc_column_text][\/vc_column][\/vc_row][vc_row full_width=&#8221;stretch_row_content_no_spaces&#8221; full_height=&#8221;yes&#8221; css=&#8221;.vc_custom_1520399963669{padding-top: 60px !important;padding-bottom: 0px !important;}&#8221;][vc_column width=&#8221;1\/2&#8243; css=&#8221;.vc_custom_1520400136596{padding-top: 40px !important;}&#8221;][vc_single_image image=&#8221;1383&#8243; img_size=&#8221;full&#8221; alignment=&#8221;center&#8221;][\/vc_column][vc_column width=&#8221;1\/2&#8243; css=&#8221;.vc_custom_1520403888878{padding-top: 20px !important;padding-right: 20px !important;padding-bottom: 20px !important;padding-left: 20px !important;background-color: #32657e !important;}&#8221;][vc_row_inner][vc_column_inner][vc_single_image image=&#8221;1320&#8243; img_size=&#8221;full&#8221; alignment=&#8221;right&#8221;][\/vc_column_inner][\/vc_row_inner][vc_row_inner css=&#8221;.vc_custom_1520397366938{background-color: #f8f7f6 !important;}&#8221; el_id=&#8221;caja_txt_der&#8221;][vc_column_inner css=&#8221;.vc_custom_1520398931442{background-color: #f8f7f6 !important;}&#8221;][vc_single_image image=&#8221;1384&#8243; img_size=&#8221;full&#8221;][vc_column_text]Vino de la Denominaci\u00f3n de Origen Manzanilla de Sanl\u00facar de Barrameda.<br \/>\nHa tenido una crianza excepcional, muy prolongada y constante bajo velo de flor, en botas de roble americano, bajo el sistema tradicional de Soleras y Criaderas, durante un periodo de<br \/>\ntiempo superior a cinco a\u00f1os en las bodegas de Sanl\u00facar de Barrameda.[\/vc_column_text][\/vc_column_inner][\/vc_row_inner][vc_raw_html]JTNDZGl2JTIwY2xhc3MlM0QlMjJjbGVhcmZpeCUyMiUzRSUzQyUyRmRpdiUzRQ==[\/vc_raw_html][vc_row_inner el_id=&#8221;caja_btn_der&#8221;][vc_column_inner][vc_btn title=&#8221;SORPR\u00c9NDETE&#8221; style=&#8221;custom&#8221; custom_background=&#8221;#343434&#8243; custom_text=&#8221;#ffffff&#8221; shape=&#8221;square&#8221;][vc_btn title=&#8221;EL MARIDAJE PERFECTO&#8221; style=&#8221;custom&#8221; custom_background=&#8221;#f8f7f6&#8243; custom_text=&#8221;#343434&#8243; shape=&#8221;square&#8221; css=&#8221;.vc_custom_1520399168918{padding-left: 30px !important;}&#8221;][\/vc_column_inner][\/vc_row_inner][vc_column_text css=&#8221;.vc_custom_1520399609110{padding-top: 30px !important;}&#8221;]<\/p>\n<p style=\"text-align: right;\"><a id=\"ficha_tecnica\" href=\"#\">DESCARGAR FICHA T\u00c9CNICA<\/a><\/p>\n<p>[\/vc_column_text][\/vc_column][\/vc_row][vc_row full_width=&#8221;stretch_row_content_no_spaces&#8221; full_height=&#8221;yes&#8221; css=&#8221;.vc_custom_1520399973293{padding-top: 0px !important;padding-bottom: 0px !important;}&#8221;][vc_column width=&#8221;1\/2&#8243; css=&#8221;.vc_custom_1520403926102{padding-top: 40px !important;background-color: #c5a901 !important;}&#8221;][vc_row_inner css=&#8221;.vc_custom_1520401645045{background-color: #f8f7f6 !important;}&#8221; el_id=&#8221;caja_txt_izq&#8221;][vc_column_inner css=&#8221;.vc_custom_1520398931442{background-color: #f8f7f6 !important;}&#8221;][vc_single_image image=&#8221;1390&#8243; img_size=&#8221;full&#8221;][vc_column_text]Vino Fino de la Denominaci\u00f3n de Origen Jerez-X\u00e9r\u00e9s-Sherry.<br \/>\nCon una crianza biol\u00f3gica, bajo velo de flor, que envejece en botas de roble americano de 500 litros de capacidad, bajo el sistema tradicional de Soleras y Criaderas.[\/vc_column_text][\/vc_column_inner][\/vc_row_inner][vc_raw_html]JTNDZGl2JTIwY2xhc3MlM0QlMjJjbGVhcmZpeCUyMiUzRSUzQyUyRmRpdiUzRQ==[\/vc_raw_html][vc_row_inner el_id=&#8221;caja_btn_izq&#8221;][vc_column_inner][vc_btn title=&#8221;EL MARIDAJE PERFECTO&#8221; style=&#8221;custom&#8221; custom_background=&#8221;#f8f7f6&#8243; custom_text=&#8221;#343434&#8243; shape=&#8221;square&#8221;][vc_btn title=&#8221;SORPR\u00c9NDETE&#8221; style=&#8221;custom&#8221; custom_background=&#8221;#343434&#8243; custom_text=&#8221;#ffffff&#8221; shape=&#8221;square&#8221; css=&#8221;.vc_custom_1520402039074{padding-left: 30px !important;}&#8221;][\/vc_column_inner][\/vc_row_inner][vc_column_text css=&#8221;.vc_custom_1520401744466{padding-top: 30px !important;padding-left: 60px !important;}&#8221;]<\/p>\n<p style=\"text-align: left;\"><a id=\"ficha_tecnica\" href=\"#\">DESCARGAR FICHA T\u00c9CNICA<\/a><\/p>\n<p>[\/vc_column_text][\/vc_column][vc_column width=&#8221;1\/2&#8243; css=&#8221;.vc_custom_1520400159011{padding-top: 20px !important;padding-right: 20px !important;padding-bottom: 20px !important;padding-left: 20px !important;}&#8221;][vc_single_image image=&#8221;1391&#8243; img_size=&#8221;full&#8221; alignment=&#8221;right&#8221;][vc_single_image image=&#8221;1392&#8243; img_size=&#8221;full&#8221; alignment=&#8221;center&#8221;][\/vc_column][\/vc_row][vc_row full_width=&#8221;stretch_row_content_no_spaces&#8221; full_height=&#8221;yes&#8221; css=&#8221;.vc_custom_1520405072624{padding-top: 0px !important;padding-bottom: 0px !important;}&#8221;][vc_column width=&#8221;1\/2&#8243; css=&#8221;.vc_custom_1520400136596{padding-top: 40px !important;}&#8221;][vc_single_image image=&#8221;1394&#8243; img_size=&#8221;full&#8221; alignment=&#8221;center&#8221;][\/vc_column][vc_column width=&#8221;1\/2&#8243; css=&#8221;.vc_custom_1520404244038{padding-top: 20px !important;padding-right: 20px !important;padding-bottom: 20px !important;padding-left: 20px !important;background-color: #fff3cc !important;}&#8221;][vc_row_inner][vc_column_inner][vc_single_image image=&#8221;1391&#8243; img_size=&#8221;full&#8221; alignment=&#8221;right&#8221;][\/vc_column_inner][\/vc_row_inner][vc_row_inner css=&#8221;.vc_custom_1520404371999{background-color: #f8f7f6 !important;}&#8221; el_id=&#8221;caja_txt_der&#8221;][vc_column_inner css=&#8221;.vc_custom_1520398931442{background-color: #f8f7f6 !important;}&#8221;][vc_single_image image=&#8221;1396&#8243; img_size=&#8221;full&#8221;][vc_column_text]Vino Amontillado de la Denominaci\u00f3n de Origen Jerez-X\u00e9r\u00e9s-Sherry. Con una crianza biol\u00f3gica bajo velo de flor durante un primer periodo de tiempo. Posteriormente una crianza oxidativa siempre en botas de roble americano de 500 litros de capacidad y siguiendo el sistema tradicional de Soleras y Criaderas.[\/vc_column_text][\/vc_column_inner][\/vc_row_inner][vc_raw_html]JTNDZGl2JTIwY2xhc3MlM0QlMjJjbGVhcmZpeCUyMiUzRSUzQyUyRmRpdiUzRQ==[\/vc_raw_html][vc_row_inner el_id=&#8221;caja_btn_der&#8221;][vc_column_inner][vc_btn title=&#8221;SORPR\u00c9NDETE&#8221; style=&#8221;custom&#8221; custom_background=&#8221;#343434&#8243; custom_text=&#8221;#ffffff&#8221; shape=&#8221;square&#8221;][vc_btn title=&#8221;EL MARIDAJE PERFECTO&#8221; style=&#8221;custom&#8221; custom_background=&#8221;#f8f7f6&#8243; custom_text=&#8221;#343434&#8243; shape=&#8221;square&#8221; css=&#8221;.vc_custom_1520399168918{padding-left: 30px !important;}&#8221;][\/vc_column_inner][\/vc_row_inner][vc_column_text css=&#8221;.vc_custom_1520399609110{padding-top: 30px !important;}&#8221;]<\/p>\n<p style=\"text-align: right;\"><a id=\"ficha_tecnica\" href=\"#\">DESCARGAR FICHA T\u00c9CNICA<\/a><\/p>\n<p>[\/vc_column_text][\/vc_column][\/vc_row][vc_row full_width=&#8221;stretch_row_content_no_spaces&#8221; full_height=&#8221;yes&#8221; css=&#8221;.vc_custom_1520399973293{padding-top: 0px !important;padding-bottom: 0px !important;}&#8221;][vc_column width=&#8221;1\/2&#8243; css=&#8221;.vc_custom_1520404509750{padding-top: 40px !important;background-color: #fc4237 !important;}&#8221;][vc_row_inner css=&#8221;.vc_custom_1520404776418{background-color: #f8f7f6 !important;}&#8221; el_id=&#8221;caja_txt_izq&#8221;][vc_column_inner css=&#8221;.vc_custom_1520398931442{background-color: #f8f7f6 !important;}&#8221;][vc_single_image image=&#8221;1400&#8243; img_size=&#8221;full&#8221;][vc_column_text]Vino Oloroso de la Denominaci\u00f3n de Origen Jerez-X\u00e9r\u00e9s-Sherry.<br \/>\nCon una crianza oxidativa que envejece en botas de roble americano de 500 litros de capacidad, bajo el sistema tradicional de Soleras y Criaderas.[\/vc_column_text][\/vc_column_inner][\/vc_row_inner][vc_raw_html]JTNDZGl2JTIwY2xhc3MlM0QlMjJjbGVhcmZpeCUyMiUzRSUzQyUyRmRpdiUzRQ==[\/vc_raw_html][vc_row_inner el_id=&#8221;caja_btn_izq&#8221;][vc_column_inner][vc_btn title=&#8221;EL MARIDAJE PERFECTO&#8221; style=&#8221;custom&#8221; custom_background=&#8221;#f8f7f6&#8243; custom_text=&#8221;#343434&#8243; shape=&#8221;square&#8221;][vc_btn title=&#8221;SORPR\u00c9NDETE&#8221; style=&#8221;custom&#8221; custom_background=&#8221;#343434&#8243; custom_text=&#8221;#ffffff&#8221; shape=&#8221;square&#8221; css=&#8221;.vc_custom_1520402039074{padding-left: 30px !important;}&#8221;][\/vc_column_inner][\/vc_row_inner][vc_column_text css=&#8221;.vc_custom_1520401744466{padding-top: 30px !important;padding-left: 60px !important;}&#8221;]<\/p>\n<p style=\"text-align: left;\"><a id=\"ficha_tecnica\" href=\"#\">DESCARGAR FICHA T\u00c9CNICA<\/a><\/p>\n<p>[\/vc_column_text][\/vc_column][vc_column width=&#8221;1\/2&#8243; css=&#8221;.vc_custom_1520400159011{padding-top: 20px !important;padding-right: 20px !important;padding-bottom: 20px !important;padding-left: 20px !important;}&#8221;][vc_single_image image=&#8221;1399&#8243; img_size=&#8221;full&#8221; alignment=&#8221;right&#8221;][vc_single_image image=&#8221;1401&#8243; img_size=&#8221;full&#8221; alignment=&#8221;center&#8221;][\/vc_column][\/vc_row][vc_row full_width=&#8221;stretch_row_content_no_spaces&#8221; full_height=&#8221;yes&#8221; css=&#8221;.vc_custom_1520405097156{padding-top: 0px !important;padding-bottom: 0px !important;}&#8221;][vc_column width=&#8221;1\/2&#8243; css=&#8221;.vc_custom_1520400136596{padding-top: 40px !important;}&#8221;][vc_single_image image=&#8221;1405&#8243; img_size=&#8221;full&#8221; alignment=&#8221;center&#8221;][\/vc_column][vc_column width=&#8221;1\/2&#8243; css=&#8221;.vc_custom_1520404858032{padding-top: 20px !important;padding-right: 20px !important;padding-bottom: 20px !important;padding-left: 20px !important;background-color: #3e3934 !important;}&#8221;][vc_row_inner][vc_column_inner][vc_single_image image=&#8221;1320&#8243; img_size=&#8221;full&#8221; alignment=&#8221;right&#8221;][\/vc_column_inner][\/vc_row_inner][vc_row_inner css=&#8221;.vc_custom_1520404890423{background-color: #f8f7f6 !important;}&#8221; el_id=&#8221;caja_txt_der&#8221;][vc_column_inner css=&#8221;.vc_custom_1520398931442{background-color: #f8f7f6 !important;}&#8221;][vc_single_image image=&#8221;1404&#8243; img_size=&#8221;full&#8221;][vc_column_text]Vino Cream de la Denominaci\u00f3n de Origen Jerez-X\u00e9r\u00e9z-Sherry.<br \/>\nCon una crianza oxidativa que envejece en botas de roble americano de 500 litros de capacidad, bajo el sistema tradicional de Soleras y Criaderas.<br \/>\nEs la mezcla de un Oloroso Seco de uva Palomino con un dulce de Pedro Xim\u00e9nez.[\/vc_column_text][\/vc_column_inner][\/vc_row_inner][vc_raw_html]JTNDZGl2JTIwY2xhc3MlM0QlMjJjbGVhcmZpeCUyMiUzRSUzQyUyRmRpdiUzRQ==[\/vc_raw_html][vc_row_inner][vc_column_inner][vc_btn title=&#8221;SORPR\u00c9NDETE&#8221; style=&#8221;custom&#8221; custom_background=&#8221;#343434&#8243; custom_text=&#8221;#ffffff&#8221; shape=&#8221;square&#8221;][vc_btn title=&#8221;EL MARIDAJE PERFECTO&#8221; style=&#8221;custom&#8221; custom_background=&#8221;#f8f7f6&#8243; custom_text=&#8221;#343434&#8243; shape=&#8221;square&#8221; css=&#8221;.vc_custom_1520399168918{padding-left: 30px !important;}&#8221;][\/vc_column_inner][\/vc_row_inner][vc_column_text css=&#8221;.vc_custom_1520399609110{padding-top: 30px !important;}&#8221;]<\/p>\n<p style=\"text-align: right;\"><a id=\"ficha_tecnica\" href=\"#\">DESCARGAR FICHA T\u00c9CNICA<\/a><\/p>\n<p>[\/vc_column_text][\/vc_column][\/vc_row]<\/p>\n<\/div>","protected":false},"excerpt":{"rendered":"<p>[vc_row css=&#8221;.vc_custom_1520353310907{padding-top: 40px !important;padding-bottom: 0px !important;}&#8221;][vc_column][vc_single_image image=&#8221;1382&#8243; img_size=&#8221;full&#8221; alignment=&#8221;center&#8221;][vc_column_text css=&#8221;.vc_custom_1520403571111{padding-right: 60px !important;padding-left: 60px !important;}&#8221;] Garvey ofrece una amplia gama de Vinos de Jerez. Una opci\u00f3n para cada momento, desde el<br class=\"read-more-spacer\"> <a class=\"more-link\" href=\"https:\/\/bodegasgarvey.es\/en\/cocteles-2\/\">Read More<\/a><\/p>\n","protected":false},"author":3,"featured_media":1454,"parent":0,"menu_order":0,"comment_status":"closed","ping_status":"closed","template":"","meta":{"slim_seo":{"title":"C\u00f3cteles - Vinos de Jerez Garvey","description":"[:es][vc_row css=\".vc_custom_1520353310907{padding-top: 40px !important;padding-bottom: 0px !important;}\"][vc_column][vc_single_image image=\"1382\" img_size=\"ful"},"footnotes":""},"acf":[],"_links":{"self":[{"href":"https:\/\/bodegasgarvey.es\/en\/wp-json\/wp\/v2\/pages\/1411"}],"collection":[{"href":"https:\/\/bodegasgarvey.es\/en\/wp-json\/wp\/v2\/pages"}],"about":[{"href":"https:\/\/bodegasgarvey.es\/en\/wp-json\/wp\/v2\/types\/page"}],"author":[{"embeddable":true,"href":"https:\/\/bodegasgarvey.es\/en\/wp-json\/wp\/v2\/users\/3"}],"replies":[{"embeddable":true,"href":"https:\/\/bodegasgarvey.es\/en\/wp-json\/wp\/v2\/comments?post=1411"}],"version-history":[{"count":1,"href":"https:\/\/bodegasgarvey.es\/en\/wp-json\/wp\/v2\/pages\/1411\/revisions"}],"predecessor-version":[{"id":1894,"href":"https:\/\/bodegasgarvey.es\/en\/wp-json\/wp\/v2\/pages\/1411\/revisions\/1894"}],"wp:featuredmedia":[{"embeddable":true,"href":"https:\/\/bodegasgarvey.es\/en\/wp-json\/wp\/v2\/media\/1454"}],"wp:attachment":[{"href":"https:\/\/bodegasgarvey.es\/en\/wp-json\/wp\/v2\/media?parent=1411"}],"curies":[{"name":"wp","href":"https:\/\/api.w.org\/{rel}","templated":true}]}}