{"id":1365,"date":"2018-03-07T05:55:34","date_gmt":"2018-03-07T05:55:34","guid":{"rendered":"https:\/\/www.bodegasgarvey.es\/?page_id=1365"},"modified":"2021-10-22T07:30:20","modified_gmt":"2021-10-22T07:30:20","slug":"brandy-y-espirituoso-2-2-2","status":"publish","type":"page","link":"https:\/\/bodegasgarvey.es\/en\/brandy-y-espirituoso-2-2-2\/","title":{"rendered":"ESPL\u00c9NDIDO 25"},"content":{"rendered":"<div class=\"wpb-content-wrapper\"><p>[vc_row css=&#8221;.vc_custom_1520353310907{padding-top: 40px !important;padding-bottom: 0px !important;}&#8221;][vc_column][vc_single_image image=&#8221;1823&#8243; img_size=&#8221;full&#8221; alignment=&#8221;center&#8221; el_id=&#8221;titulo_principal&#8221;][vc_column_text el_class=&#8221;texto_categoria&#8221;]<\/p>\n<p style=\"text-align: center; font-size: 25px !important;\">Elaborated under the traditional Criaderas and Solera system, typical of the Marco de Jerez region, the wines remain faithful to the bodega\u2019s original formulas.<\/p>\n<p>[\/vc_column_text][\/vc_column][\/vc_row][vc_row full_width=&#8221;stretch_row_content_no_spaces&#8221; equal_height=&#8221;yes&#8221; disable_element=&#8221;yes&#8221; css=&#8221;.vc_custom_1594984541027{padding-top: 0px !important;padding-bottom: 0px !important;}&#8221; el_id=&#8221;esplendido30&#8243; el_class=&#8221;test&#8221;][vc_column width=&#8221;1\/2&#8243; css=&#8221;.vc_custom_1520402523325{padding-top: 40px !important;background-color: #f9d623 !important;}&#8221;][vc_row_inner css=&#8221;.vc_custom_1520401645045{background-color: #f8f7f6 !important;}&#8221; el_id=&#8221;caja_txt_izq&#8221;][vc_column_inner css=&#8221;.vc_custom_1520398931442{background-color: #f8f7f6 !important;}&#8221;][vc_single_image image=&#8221;1871&#8243; img_size=&#8221;full&#8221;][vc_column_text]This spirit is aged for more than six months in 500-litre American oak barrels.<\/p>\n<p>With prolonged ageing under veil of flor, it is very light with elegant pale golden tones and dry in the mouth.[\/vc_column_text][\/vc_column_inner][\/vc_row_inner][vc_raw_html]JTNDZGl2JTIwY2xhc3MlM0QlMjJjbGVhcmZpeCUyMiUzRSUzQyUyRmRpdiUzRQ==[\/vc_raw_html][vc_row_inner el_id=&#8221;caja_btn_izq&#8221;][vc_column_inner][\/vc_column_inner][\/vc_row_inner][vc_row_inner][vc_column_inner][\/vc_column_inner][\/vc_row_inner][vc_column_text]<\/p>\n<p style=\"text-align: left;\"><a id=\"ficha_tecnica\" class=\"margin_izq\" style=\"color: #343434;\" href=\"https:\/\/www.bodegasgarvey.es\/wp-content\/uploads\/2021\/10\/2021_ESPL\u00c9NDIDO_25_ingl\u00e9s.pdf\" download=\"\">DOWNLOAD TECHNICAL SHEET <\/a><\/p>\n<p>[\/vc_column_text][\/vc_column][vc_column width=&#8221;1\/2&#8243; css=&#8221;.vc_custom_1520400159011{padding-top: 20px !important;padding-right: 20px !important;padding-bottom: 20px !important;padding-left: 20px !important;}&#8221;][vc_single_image image=&#8221;1374&#8243; img_size=&#8221;full&#8221; alignment=&#8221;right&#8221; el_id=&#8221;escondido&#8221;][vc_single_image image=&#8221;1650&#8243; img_size=&#8221;full&#8221; alignment=&#8221;center&#8221;][\/vc_column][\/vc_row][vc_row][vc_column][vc_separator color=&#8221;white&#8221; border_width=&#8221;10&#8243;][\/vc_column][\/vc_row][vc_row full_width=&#8221;stretch_row_content_no_spaces&#8221; equal_height=&#8221;yes&#8221; el_id=&#8221;esplendido25&#8243;][vc_column width=&#8221;1\/2&#8243; css=&#8221;.vc_custom_1606296892332{padding-top: 20px !important;padding-right: 20px !important;padding-bottom: 20px !important;padding-left: 20px !important;}&#8221;][vc_single_image image=&#8221;1942&#8243; img_size=&#8221;full&#8221; alignment=&#8221;center&#8221;][\/vc_column][vc_column width=&#8221;1\/2&#8243; css=&#8221;.vc_custom_1594710559889{padding-top: 40px !important;background-color: #fcf7e3 !important;}&#8221;][vc_row_inner css=&#8221;.vc_custom_1594709680302{background-color: #f8f7f6 !important;}&#8221; el_id=&#8221;caja_txt_izq&#8221;][vc_column_inner css=&#8221;.vc_custom_1520398931442{background-color: #f8f7f6 !important;}&#8221;][vc_single_image image=&#8221;1980&#8243; img_size=&#8221;medium&#8221;][vc_column_text]Espl\u00e9ndido 25 is a new version of our best spirit, but with a lower graduation that makes it the perfect companion for your tabletops.<\/p>\n<p>It is obtained from the selection of wine holandas and aged in the traditional system of Criaderas and Solera for nine months.[\/vc_column_text][\/vc_column_inner][\/vc_row_inner][vc_raw_html]JTNDZGl2JTIwY2xhc3MlM0QlMjJjbGVhcmZpeCUyMiUzRSUzQyUyRmRpdiUzRQ==[\/vc_raw_html][vc_column_text]<\/p>\n<p style=\"text-align: left;\"><a id=\"ficha_tecnica\" class=\"margin_izq\" style=\"color: #343434;\" href=\"https:\/\/www.bodegasgarvey.es\/wp-content\/uploads\/2021\/10\/2021_ESPL\u00c9NDIDO_25_ingl\u00e9s.pdf\" target=\"_blank\" rel=\"noopener\">FIND OUT MORE<\/a><\/p>\n<p>[\/vc_column_text][\/vc_column][\/vc_row][vc_row disable_element=&#8221;yes&#8221;][vc_column][vc_raw_html]JTNDYSUyMGlkJTNEJUUyJTgwJTlEZXNwbGVuZGlkbzI1JUUyJTgwJTlEJTNFJTNDJTJGYSUzRQ==[\/vc_raw_html][\/vc_column][\/vc_row][vc_row][vc_column][\/vc_column][\/vc_row]<\/p>\n<\/div>","protected":false},"excerpt":{"rendered":"<p>[vc_row css=&#8221;.vc_custom_1520353310907{padding-top: 40px !important;padding-bottom: 0px !important;}&#8221;][vc_column][vc_single_image image=&#8221;1823&#8243; img_size=&#8221;full&#8221; alignment=&#8221;center&#8221; el_id=&#8221;titulo_principal&#8221;][vc_column_text el_class=&#8221;texto_categoria&#8221;] Elaborated under the traditional Criaderas and Solera system, typical of the Marco de Jerez region, the wines remain faithful<br class=\"read-more-spacer\"> <a class=\"more-link\" href=\"https:\/\/bodegasgarvey.es\/en\/brandy-y-espirituoso-2-2-2\/\">Read More<\/a><\/p>\n","protected":false},"author":3,"featured_media":1946,"parent":0,"menu_order":0,"comment_status":"closed","ping_status":"closed","template":"","meta":{"slim_seo":{"description":"Espl\u00e9ndido 25 es una nueva versi\u00f3n de nuestro mejor spirit, pero con una graduaci\u00f3n menor que lo convierte en el perfecto acompa\u00f1ante de tus sobremesas.","title":"ESPL\u00c9NDIDO 25 - Vinos de Jerez Garvey"},"footnotes":""},"acf":[],"_links":{"self":[{"href":"https:\/\/bodegasgarvey.es\/en\/wp-json\/wp\/v2\/pages\/1365"}],"collection":[{"href":"https:\/\/bodegasgarvey.es\/en\/wp-json\/wp\/v2\/pages"}],"about":[{"href":"https:\/\/bodegasgarvey.es\/en\/wp-json\/wp\/v2\/types\/page"}],"author":[{"embeddable":true,"href":"https:\/\/bodegasgarvey.es\/en\/wp-json\/wp\/v2\/users\/3"}],"replies":[{"embeddable":true,"href":"https:\/\/bodegasgarvey.es\/en\/wp-json\/wp\/v2\/comments?post=1365"}],"version-history":[{"count":69,"href":"https:\/\/bodegasgarvey.es\/en\/wp-json\/wp\/v2\/pages\/1365\/revisions"}],"predecessor-version":[{"id":2072,"href":"https:\/\/bodegasgarvey.es\/en\/wp-json\/wp\/v2\/pages\/1365\/revisions\/2072"}],"wp:featuredmedia":[{"embeddable":true,"href":"https:\/\/bodegasgarvey.es\/en\/wp-json\/wp\/v2\/media\/1946"}],"wp:attachment":[{"href":"https:\/\/bodegasgarvey.es\/en\/wp-json\/wp\/v2\/media?parent=1365"}],"curies":[{"name":"wp","href":"https:\/\/api.w.org\/{rel}","templated":true}]}}